{"id":135,"date":"2018-11-02T09:56:19","date_gmt":"2018-11-02T09:56:19","guid":{"rendered":"http:\/\/listeo.wpengine.com\/?page_id=16"},"modified":"2024-08-05T23:08:48","modified_gmt":"2024-08-05T23:08:48","slug":"inicio","status":"publish","type":"page","link":"https:\/\/organizadoresprofesionales.com.ar\/es\/","title":{"rendered":"Inicio"},"content":{"rendered":"<div data-elementor-type=\"wp-page\" data-elementor-id=\"135\" class=\"elementor elementor-135\" data-elementor-post-type=\"page\">\n\t\t\t\t\t\t<section class=\"elementor-section elementor-top-section elementor-element elementor-element-aac89d2 elementor-section-full_width elementor-section-stretched elementor-section-height-default elementor-section-height-default\" data-id=\"aac89d2\" data-element_type=\"section\" data-settings=\"{&quot;stretch_section&quot;:&quot;section-stretched&quot;}\">\n\t\t\t\t\t\t<div class=\"elementor-container elementor-column-gap-no\">\n\t\t\t\t\t<div class=\"elementor-column elementor-col-100 elementor-top-column elementor-element elementor-element-d3dce59\" data-id=\"d3dce59\" data-element_type=\"column\">\n\t\t\t<div class=\"elementor-widget-wrap elementor-element-populated\">\n\t\t\t\t\t\t<div class=\"elementor-element elementor-element-567418a elementor-widget elementor-widget-image\" data-id=\"567418a\" data-element_type=\"widget\" data-widget_type=\"image.default\">\n\t\t\t\t<div class=\"elementor-widget-container\">\n\t\t\t\t\t\t\t\t\t\t\t\t\t\t<a href=\"https:\/\/organizadoresprofesionales.com.ar\/es\/buscador\/\">\n\t\t\t\t\t\t\t<img fetchpriority=\"high\" decoding=\"async\" width=\"2056\" height=\"1025\" src=\"https:\/\/organizadoresprofesionales.com.ar\/wp-content\/uploads\/2024\/08\/batia-2.png\" class=\"attachment-full size-full wp-image-1317\" alt=\"\" srcset=\"https:\/\/organizadoresprofesionales.com.ar\/wp-content\/uploads\/2024\/08\/batia-2.png 2056w, https:\/\/organizadoresprofesionales.com.ar\/wp-content\/uploads\/2024\/08\/batia-2-300x150.png 300w, https:\/\/organizadoresprofesionales.com.ar\/wp-content\/uploads\/2024\/08\/batia-2-1024x511.png 1024w, https:\/\/organizadoresprofesionales.com.ar\/wp-content\/uploads\/2024\/08\/batia-2-768x383.png 768w, https:\/\/organizadoresprofesionales.com.ar\/wp-content\/uploads\/2024\/08\/batia-2-1536x766.png 1536w, https:\/\/organizadoresprofesionales.com.ar\/wp-content\/uploads\/2024\/08\/batia-2-2048x1021.png 2048w, https:\/\/organizadoresprofesionales.com.ar\/wp-content\/uploads\/2024\/08\/batia-2-18x9.png 18w, https:\/\/organizadoresprofesionales.com.ar\/wp-content\/uploads\/2024\/08\/batia-2-590x294.png 590w, https:\/\/organizadoresprofesionales.com.ar\/wp-content\/uploads\/2024\/08\/batia-2-1200x598.png 1200w, https:\/\/organizadoresprofesionales.com.ar\/wp-content\/uploads\/2024\/08\/batia-2-577x288.png 577w, https:\/\/organizadoresprofesionales.com.ar\/wp-content\/uploads\/2024\/08\/batia-2-600x299.png 600w\" sizes=\"(max-width: 2056px) 100vw, 2056px\" \/>\t\t\t\t\t\t\t\t<\/a>\n\t\t\t\t\t\t\t\t\t\t\t\t\t<\/div>\n\t\t\t\t<\/div>\n\t\t\t\t\t<\/div>\n\t\t<\/div>\n\t\t\t\t\t<\/div>\n\t\t<\/section>\n\t\t\t\t<section class=\"elementor-section elementor-top-section elementor-element elementor-element-3c55e99 elementor-section-full_width elementor-section-stretched elementor-section-height-default elementor-section-height-default\" data-id=\"3c55e99\" data-element_type=\"section\" data-settings=\"{&quot;stretch_section&quot;:&quot;section-stretched&quot;,&quot;background_background&quot;:&quot;classic&quot;}\">\n\t\t\t\t\t\t<div class=\"elementor-container elementor-column-gap-default\">\n\t\t\t\t\t<div class=\"elementor-column elementor-col-100 elementor-top-column elementor-element elementor-element-6245318\" data-id=\"6245318\" data-element_type=\"column\">\n\t\t\t<div class=\"elementor-widget-wrap elementor-element-populated\">\n\t\t\t\t\t\t<div class=\"elementor-element elementor-element-a96695e elementor-widget__width-inherit elementor-widget elementor-widget-listeo-headline\" data-id=\"a96695e\" data-element_type=\"widget\" data-widget_type=\"listeo-headline.default\">\n\t\t\t\t<div class=\"elementor-widget-container\">\n\t\t\t\t\t<h3 \n\t\tstyle=\"text-align:center;\" class=\"headline  headline-aligned-to-center headline-extra-spacing\"> \u00bfQu\u00e9 es un organizador profesional? <\/h3>\n\t\t\t\t<\/div>\n\t\t\t\t<\/div>\n\t\t\t\t<div class=\"elementor-element elementor-element-fae5762 elementor-widget__width-inherit elementor-widget elementor-widget-listeo-headline\" data-id=\"fae5762\" data-element_type=\"widget\" data-widget_type=\"listeo-headline.default\">\n\t\t\t\t<div class=\"elementor-widget-container\">\n\t\t\t\t\t<h4 \n\t\tstyle=\"text-align:center;\" class=\"headline  headline-aligned-to-center headline-extra-spacing headline-box\"> La funci\u00f3n de un OP es crear y compartir sistemas de organizaci\u00f3n para mantener el orden. Es ayudar a devolver la funcionalidad a los espacios, objetos y rutinas, as\u00ed como a tomar decisiones y afrontar cambios importantes en la vida de las personas. <\/h4>\n\t\t\t\t<\/div>\n\t\t\t\t<\/div>\n\t\t\t\t<section class=\"elementor-section elementor-inner-section elementor-element elementor-element-fdcc131 elementor-section-full_width elementor-section-height-default elementor-section-height-default\" data-id=\"fdcc131\" data-element_type=\"section\">\n\t\t\t\t\t\t<div class=\"elementor-container elementor-column-gap-extended\">\n\t\t\t\t\t<div class=\"elementor-column elementor-col-33 elementor-inner-column elementor-element elementor-element-d09d17d\" data-id=\"d09d17d\" data-element_type=\"column\">\n\t\t\t<div class=\"elementor-widget-wrap elementor-element-populated\">\n\t\t\t\t\t\t<div class=\"elementor-element elementor-element-4871a86 elementor-widget elementor-widget-listeo-iconbox\" data-id=\"4871a86\" data-element_type=\"widget\" data-widget_type=\"listeo-iconbox.default\">\n\t\t\t\t<div class=\"elementor-widget-container\">\n\t\t\t\n\t\t\t<div class=\"icon-box-2\">\n\t\t\t\t<i aria-hidden=\"true\" class=\"fas fa-star-half-alt\"><\/i>\t\t\t\t<h3>Optimiza<\/h3>\n\t\t\t\t<p>Buscamos la mejor manera de utilizar correctamente el espacio disponible.<\/p>\n\t\t\t<\/div>\n\n\t\t\t\t\t<\/div>\n\t\t\t\t<\/div>\n\t\t\t\t\t<\/div>\n\t\t<\/div>\n\t\t\t\t<div class=\"elementor-column elementor-col-33 elementor-inner-column elementor-element elementor-element-3968473\" data-id=\"3968473\" data-element_type=\"column\">\n\t\t\t<div class=\"elementor-widget-wrap elementor-element-populated\">\n\t\t\t\t\t\t<div class=\"elementor-element elementor-element-ae83da1 elementor-widget elementor-widget-listeo-iconbox\" data-id=\"ae83da1\" data-element_type=\"widget\" data-widget_type=\"listeo-iconbox.default\">\n\t\t\t\t<div class=\"elementor-widget-container\">\n\t\t\t\n\t\t\t<div class=\"icon-box-2\">\n\t\t\t\t<i aria-hidden=\"true\" class=\"fas fa-boxes\"><\/i>\t\t\t\t<h3>Organiza<\/h3>\n\t\t\t\t<p>Organizamos espacios para lograr un lugar equilibrado y funcional.\n<\/p>\n\t\t\t<\/div>\n\n\t\t\t\t\t<\/div>\n\t\t\t\t<\/div>\n\t\t\t\t\t<\/div>\n\t\t<\/div>\n\t\t\t\t<div class=\"elementor-column elementor-col-33 elementor-inner-column elementor-element elementor-element-74d66ab\" data-id=\"74d66ab\" data-element_type=\"column\">\n\t\t\t<div class=\"elementor-widget-wrap elementor-element-populated\">\n\t\t\t\t\t\t<div class=\"elementor-element elementor-element-f1c5ca7 elementor-widget elementor-widget-listeo-iconbox\" data-id=\"f1c5ca7\" data-element_type=\"widget\" data-widget_type=\"listeo-iconbox.default\">\n\t\t\t\t<div class=\"elementor-widget-container\">\n\t\t\t\n\t\t\t<div class=\"icon-box-2\">\n\t\t\t\t<i aria-hidden=\"true\" class=\"fas fa-chalkboard-teacher\"><\/i>\t\t\t\t<h3>Ense\u00f1a<\/h3>\n\t\t\t\t<p>Ense\u00f1amos t\u00e9cnicas de organizaci\u00f3n y rutinas para mantener espacios ordenados.<\/p>\n\t\t\t<\/div>\n\n\t\t\t\t\t<\/div>\n\t\t\t\t<\/div>\n\t\t\t\t\t<\/div>\n\t\t<\/div>\n\t\t\t\t\t<\/div>\n\t\t<\/section>\n\t\t\t\t\t<\/div>\n\t\t<\/div>\n\t\t\t\t\t<\/div>\n\t\t<\/section>\n\t\t\t\t<section class=\"elementor-section elementor-top-section elementor-element elementor-element-9546589 elementor-section-boxed elementor-section-height-default elementor-section-height-default\" data-id=\"9546589\" data-element_type=\"section\" data-settings=\"{&quot;background_background&quot;:&quot;classic&quot;}\">\n\t\t\t\t\t\t<div class=\"elementor-container elementor-column-gap-default\">\n\t\t\t\t\t<div class=\"elementor-column elementor-col-100 elementor-top-column elementor-element elementor-element-ee593e8\" data-id=\"ee593e8\" data-element_type=\"column\">\n\t\t\t<div class=\"elementor-widget-wrap elementor-element-populated\">\n\t\t\t\t\t\t<section class=\"elementor-section elementor-inner-section elementor-element elementor-element-fe02d0b elementor-section-boxed elementor-section-height-default elementor-section-height-default\" data-id=\"fe02d0b\" data-element_type=\"section\" data-settings=\"{&quot;background_background&quot;:&quot;classic&quot;}\">\n\t\t\t\t\t\t\t<div class=\"elementor-background-overlay\"><\/div>\n\t\t\t\t\t\t\t<div class=\"elementor-container elementor-column-gap-default\">\n\t\t\t\t\t<div class=\"elementor-column elementor-col-100 elementor-inner-column elementor-element elementor-element-0e901c3\" data-id=\"0e901c3\" data-element_type=\"column\">\n\t\t\t<div class=\"elementor-widget-wrap elementor-element-populated\">\n\t\t\t\t\t\t<div class=\"elementor-element elementor-element-24b215a elementor-widget elementor-widget-heading\" data-id=\"24b215a\" data-element_type=\"widget\" data-widget_type=\"heading.default\">\n\t\t\t\t<div class=\"elementor-widget-container\">\n\t\t\t<h2 class=\"elementor-heading-title elementor-size-default\">Encontr\u00e1 un Organizador Profesional en tu zona<\/h2>\t\t<\/div>\n\t\t\t\t<\/div>\n\t\t\t\t<div class=\"elementor-element elementor-element-3393263 elementor-widget elementor-widget-text-editor\" data-id=\"3393263\" data-element_type=\"widget\" data-widget_type=\"text-editor.default\">\n\t\t\t\t<div class=\"elementor-widget-container\">\n\t\t\t\t\t\t\t<p>Hay un profesional listo para ayudarte<\/p>\t\t\t\t\t\t<\/div>\n\t\t\t\t<\/div>\n\t\t\t\t<div class=\"elementor-element elementor-element-74e206c elementor-align-center elementor-widget elementor-widget-button\" data-id=\"74e206c\" data-element_type=\"widget\" data-widget_type=\"button.default\">\n\t\t\t\t<div class=\"elementor-widget-container\">\n\t\t\t\t\t<div class=\"elementor-button-wrapper\">\n\t\t\t<a class=\"elementor-button elementor-button-link elementor-size-sm\" href=\"https:\/\/organizadoresprofesionales.com.ar\/es\/buscador\/\">\n\t\t\t\t\t\t<span class=\"elementor-button-content-wrapper\">\n\t\t\t\t\t\t\t\t\t<span class=\"elementor-button-text\">IR AL BUSCADOR<\/span>\n\t\t\t\t\t<\/span>\n\t\t\t\t\t<\/a>\n\t\t<\/div>\n\t\t\t\t<\/div>\n\t\t\t\t<\/div>\n\t\t\t\t\t<\/div>\n\t\t<\/div>\n\t\t\t\t\t<\/div>\n\t\t<\/section>\n\t\t\t\t\t<\/div>\n\t\t<\/div>\n\t\t\t\t\t<\/div>\n\t\t<\/section>\n\t\t\t\t<section class=\"elementor-section elementor-top-section elementor-element elementor-element-a72e10e elementor-section-boxed elementor-section-height-default elementor-section-height-default\" data-id=\"a72e10e\" data-element_type=\"section\" data-settings=\"{&quot;background_background&quot;:&quot;classic&quot;}\">\n\t\t\t\t\t\t<div class=\"elementor-container elementor-column-gap-default\">\n\t\t\t\t\t<div class=\"elementor-column elementor-col-100 elementor-top-column elementor-element elementor-element-27afbc5\" data-id=\"27afbc5\" data-element_type=\"column\">\n\t\t\t<div class=\"elementor-widget-wrap elementor-element-populated\">\n\t\t\t\t\t\t<section class=\"elementor-section elementor-inner-section elementor-element elementor-element-3a6d897 elementor-section-boxed elementor-section-height-default elementor-section-height-default\" data-id=\"3a6d897\" data-element_type=\"section\" data-settings=\"{&quot;background_background&quot;:&quot;classic&quot;}\">\n\t\t\t\t\t\t\t<div class=\"elementor-background-overlay\"><\/div>\n\t\t\t\t\t\t\t<div class=\"elementor-container elementor-column-gap-default\">\n\t\t\t\t\t<div class=\"elementor-column elementor-col-100 elementor-inner-column elementor-element elementor-element-915c891\" data-id=\"915c891\" data-element_type=\"column\">\n\t\t\t<div class=\"elementor-widget-wrap elementor-element-populated\">\n\t\t\t\t\t\t<div class=\"elementor-element elementor-element-7c84a7a elementor-widget elementor-widget-heading\" data-id=\"7c84a7a\" data-element_type=\"widget\" data-widget_type=\"heading.default\">\n\t\t\t\t<div class=\"elementor-widget-container\">\n\t\t\t<h2 class=\"elementor-heading-title elementor-size-default\">Sumate a AROPA<\/h2>\t\t<\/div>\n\t\t\t\t<\/div>\n\t\t\t\t<div class=\"elementor-element elementor-element-4cef9d4 elementor-widget elementor-widget-text-editor\" data-id=\"4cef9d4\" data-element_type=\"widget\" data-widget_type=\"text-editor.default\">\n\t\t\t\t<div class=\"elementor-widget-container\">\n\t\t\t\t\t\t\t<p>Forma parte de nuestra asociaci\u00f3n y unite al equipo.<\/p>\t\t\t\t\t\t<\/div>\n\t\t\t\t<\/div>\n\t\t\t\t<div class=\"elementor-element elementor-element-4864d4f elementor-align-center elementor-widget elementor-widget-button\" data-id=\"4864d4f\" data-element_type=\"widget\" data-widget_type=\"button.default\">\n\t\t\t\t<div class=\"elementor-widget-container\">\n\t\t\t\t\t<div class=\"elementor-button-wrapper\">\n\t\t\t<a class=\"elementor-button elementor-button-link elementor-size-sm\" href=\"https:\/\/organizadoresprofesionales.com.ar\/es\/asociate\/\">\n\t\t\t\t\t\t<span class=\"elementor-button-content-wrapper\">\n\t\t\t\t\t\t\t\t\t<span class=\"elementor-button-text\">RELLENAR FORMULARIO<\/span>\n\t\t\t\t\t<\/span>\n\t\t\t\t\t<\/a>\n\t\t<\/div>\n\t\t\t\t<\/div>\n\t\t\t\t<\/div>\n\t\t\t\t\t<\/div>\n\t\t<\/div>\n\t\t\t\t\t<\/div>\n\t\t<\/section>\n\t\t\t\t\t<\/div>\n\t\t<\/div>\n\t\t\t\t\t<\/div>\n\t\t<\/section>\n\t\t\t\t<section class=\"elementor-section elementor-top-section elementor-element elementor-element-53b5761 elementor-section-boxed elementor-section-height-default elementor-section-height-default\" data-id=\"53b5761\" data-element_type=\"section\">\n\t\t\t\t\t\t<div class=\"elementor-container elementor-column-gap-default\">\n\t\t\t\t\t<div class=\"elementor-column elementor-col-100 elementor-top-column elementor-element elementor-element-70a85e8\" data-id=\"70a85e8\" data-element_type=\"column\">\n\t\t\t<div class=\"elementor-widget-wrap elementor-element-populated\">\n\t\t\t\t\t\t<div class=\"elementor-element elementor-element-f1eacbc elementor-widget elementor-widget-listeo-headline\" data-id=\"f1eacbc\" data-element_type=\"widget\" data-widget_type=\"listeo-headline.default\">\n\t\t\t\t<div class=\"elementor-widget-container\">\n\t\t\t\t\t<h3 \n\t\tstyle=\"text-align:center;\" class=\"headline  headline-aligned-to-center headline-extra-spacing headline-box\"> Noticias y novedades sobre AROPA <\/h3>\n\t\t\t\t<\/div>\n\t\t\t\t<\/div>\n\t\t\t\t\t<\/div>\n\t\t<\/div>\n\t\t\t\t\t<\/div>\n\t\t<\/section>\n\t\t\t\t<section class=\"elementor-section elementor-top-section elementor-element elementor-element-5fc073b elementor-section-boxed elementor-section-height-default elementor-section-height-default\" data-id=\"5fc073b\" data-element_type=\"section\">\n\t\t\t\t\t\t<div class=\"elementor-container elementor-column-gap-default\">\n\t\t\t\t\t<div class=\"elementor-column elementor-col-100 elementor-top-column elementor-element elementor-element-76e9a3b\" data-id=\"76e9a3b\" data-element_type=\"column\">\n\t\t\t<div class=\"elementor-widget-wrap elementor-element-populated\">\n\t\t\t\t\t\t<div class=\"elementor-element elementor-element-bd407b2 elementor-widget elementor-widget-listeo-posts-grid\" data-id=\"bd407b2\" data-element_type=\"widget\" data-widget_type=\"listeo-posts-grid.default\">\n\t\t\t\t<div class=\"elementor-widget-container\">\n\t\t\t\t\t\n\t\t<div class=\"listeo-post-grid-wrapper\">\n\t\t\t<div class=\"row\">\n\n\t\t\t\n\n\t\t\t\t\t\t\t<div class=\"col-md-4\">\n                <a href=\"https:\/\/organizadoresprofesionales.com.ar\/es\/iii-convencion-de-aropa\/\" class=\"blog-compact-item-container\">\n                    <div class=\"blog-compact-item\">\n                        <img decoding=\"async\" width=\"398\" height=\"566\" src=\"https:\/\/organizadoresprofesionales.com.ar\/wp-content\/uploads\/2026\/03\/Captura-de-pantalla-2026-03-04-130825.png\" class=\"attachment-listeo-blog-related-post size-listeo-blog-related-post wp-post-image\" alt=\"\" srcset=\"https:\/\/organizadoresprofesionales.com.ar\/wp-content\/uploads\/2026\/03\/Captura-de-pantalla-2026-03-04-130825.png 398w, https:\/\/organizadoresprofesionales.com.ar\/wp-content\/uploads\/2026\/03\/Captura-de-pantalla-2026-03-04-130825-211x300.png 211w, https:\/\/organizadoresprofesionales.com.ar\/wp-content\/uploads\/2026\/03\/Captura-de-pantalla-2026-03-04-130825-8x12.png 8w\" sizes=\"(max-width: 398px) 100vw, 398px\" \/><span class=\"blog-item-tag\">AROPA<\/span>                        \n                        <div class=\"blog-compact-item-content\">\n                                                        <ul class=\"blog-post-tags\">\n                                <li>\n                                \t<time class=\"entry-date published\" datetime=\"2026-03-04T16:01:19+00:00\">marzo 4, 2026<\/time><time class=\"updated\" datetime=\"2026-03-04T22:21:17+00:00\">marzo 4, 2026<\/time>                    \t\t\t\t\n                    \t\t\t<\/li>\n                            <\/ul>\n                        \t                            <h3>III Convenci\u00f3n de AROPA<\/h3>\n                                                        <p>Hace una semana vivimos el evento que siempre corona nuestro a\u00f1o desde que somos Asociaci\u00f3n....                            <\/p>\n                                                    <\/div>\n                    <\/div>\n                <\/a>\n            <\/div>\n\t\t\t<div class=\"col-md-4\">\n                <a href=\"https:\/\/organizadoresprofesionales.com.ar\/es\/segunda-convencion-aropa-2024\/\" class=\"blog-compact-item-container\">\n                    <div class=\"blog-compact-item\">\n                        <img decoding=\"async\" width=\"487\" height=\"866\" src=\"https:\/\/organizadoresprofesionales.com.ar\/wp-content\/uploads\/2024\/12\/Imagen-de-WhatsApp-2024-12-03-a-las-20.53.35_5ad86ae6-487x866.jpg\" class=\"attachment-listeo-blog-related-post size-listeo-blog-related-post wp-post-image\" alt=\"\" srcset=\"https:\/\/organizadoresprofesionales.com.ar\/wp-content\/uploads\/2024\/12\/Imagen-de-WhatsApp-2024-12-03-a-las-20.53.35_5ad86ae6-487x866.jpg 487w, https:\/\/organizadoresprofesionales.com.ar\/wp-content\/uploads\/2024\/12\/Imagen-de-WhatsApp-2024-12-03-a-las-20.53.35_5ad86ae6-169x300.jpg 169w, https:\/\/organizadoresprofesionales.com.ar\/wp-content\/uploads\/2024\/12\/Imagen-de-WhatsApp-2024-12-03-a-las-20.53.35_5ad86ae6-576x1024.jpg 576w, https:\/\/organizadoresprofesionales.com.ar\/wp-content\/uploads\/2024\/12\/Imagen-de-WhatsApp-2024-12-03-a-las-20.53.35_5ad86ae6-768x1366.jpg 768w, https:\/\/organizadoresprofesionales.com.ar\/wp-content\/uploads\/2024\/12\/Imagen-de-WhatsApp-2024-12-03-a-las-20.53.35_5ad86ae6-864x1536.jpg 864w, https:\/\/organizadoresprofesionales.com.ar\/wp-content\/uploads\/2024\/12\/Imagen-de-WhatsApp-2024-12-03-a-las-20.53.35_5ad86ae6-7x12.jpg 7w, https:\/\/organizadoresprofesionales.com.ar\/wp-content\/uploads\/2024\/12\/Imagen-de-WhatsApp-2024-12-03-a-las-20.53.35_5ad86ae6-332x590.jpg 332w, https:\/\/organizadoresprofesionales.com.ar\/wp-content\/uploads\/2024\/12\/Imagen-de-WhatsApp-2024-12-03-a-las-20.53.35_5ad86ae6-377x670.jpg 377w, https:\/\/organizadoresprofesionales.com.ar\/wp-content\/uploads\/2024\/12\/Imagen-de-WhatsApp-2024-12-03-a-las-20.53.35_5ad86ae6-600x1067.jpg 600w, https:\/\/organizadoresprofesionales.com.ar\/wp-content\/uploads\/2024\/12\/Imagen-de-WhatsApp-2024-12-03-a-las-20.53.35_5ad86ae6.jpg 899w\" sizes=\"(max-width: 487px) 100vw, 487px\" \/><span class=\"blog-item-tag\">AROPA<\/span>                        \n                        <div class=\"blog-compact-item-content\">\n                                                        <ul class=\"blog-post-tags\">\n                                <li>\n                                \t<time class=\"entry-date published\" datetime=\"2024-12-04T00:06:55+00:00\">4 de diciembre de 2024<\/time><time class=\"updated\" datetime=\"2026-03-04T22:21:46+00:00\">marzo 4, 2026<\/time>                    \t\t\t\t\n                    \t\t\t<\/li>\n                            <\/ul>\n                        \t                            <h3>Segunda Convenci\u00f3n AROPA 2024<\/h3>\n                                                        <p>En el d\u00eda de ayer realizamos nuestra 2da Convenci\u00f3n de AROPA. Asistieron 27 Organizadoras de...                            <\/p>\n                                                    <\/div>\n                    <\/div>\n                <\/a>\n            <\/div>\n\t\t\t<div class=\"col-md-4\">\n                <a href=\"https:\/\/organizadoresprofesionales.com.ar\/es\/primera-convencion-de-aropa\/\" class=\"blog-compact-item-container\">\n                    <div class=\"blog-compact-item\">\n                        <img loading=\"lazy\" decoding=\"async\" width=\"487\" height=\"866\" src=\"https:\/\/organizadoresprofesionales.com.ar\/wp-content\/uploads\/2024\/05\/IMG_20231008_130452003-487x866.jpg\" class=\"attachment-listeo-blog-related-post size-listeo-blog-related-post wp-post-image\" alt=\"\" srcset=\"https:\/\/organizadoresprofesionales.com.ar\/wp-content\/uploads\/2024\/05\/IMG_20231008_130452003-487x866.jpg 487w, https:\/\/organizadoresprofesionales.com.ar\/wp-content\/uploads\/2024\/05\/IMG_20231008_130452003-169x300.jpg 169w, https:\/\/organizadoresprofesionales.com.ar\/wp-content\/uploads\/2024\/05\/IMG_20231008_130452003-576x1024.jpg 576w, https:\/\/organizadoresprofesionales.com.ar\/wp-content\/uploads\/2024\/05\/IMG_20231008_130452003-768x1366.jpg 768w, https:\/\/organizadoresprofesionales.com.ar\/wp-content\/uploads\/2024\/05\/IMG_20231008_130452003-864x1536.jpg 864w, https:\/\/organizadoresprofesionales.com.ar\/wp-content\/uploads\/2024\/05\/IMG_20231008_130452003-1152x2048.jpg 1152w, https:\/\/organizadoresprofesionales.com.ar\/wp-content\/uploads\/2024\/05\/IMG_20231008_130452003-7x12.jpg 7w, https:\/\/organizadoresprofesionales.com.ar\/wp-content\/uploads\/2024\/05\/IMG_20231008_130452003-332x590.jpg 332w, https:\/\/organizadoresprofesionales.com.ar\/wp-content\/uploads\/2024\/05\/IMG_20231008_130452003-377x670.jpg 377w, https:\/\/organizadoresprofesionales.com.ar\/wp-content\/uploads\/2024\/05\/IMG_20231008_130452003-1200x2134.jpg 1200w, https:\/\/organizadoresprofesionales.com.ar\/wp-content\/uploads\/2024\/05\/IMG_20231008_130452003-600x1067.jpg 600w, https:\/\/organizadoresprofesionales.com.ar\/wp-content\/uploads\/2024\/05\/IMG_20231008_130452003-scaled.jpg 1439w\" sizes=\"(max-width: 487px) 100vw, 487px\" \/><span class=\"blog-item-tag\">AROPA<\/span>                        \n                        <div class=\"blog-compact-item-content\">\n                                                        <ul class=\"blog-post-tags\">\n                                <li>\n                                \t<time class=\"entry-date published\" datetime=\"2024-05-26T22:10:53+00:00\">26 de mayo de 2024<\/time><time class=\"updated\" datetime=\"2024-05-26T22:10:55+00:00\">26 de mayo de 2024<\/time>                    \t\t\t\t\n                    \t\t\t<\/li>\n                            <\/ul>\n                        \t                            <h3>Primera convenci\u00f3n de AROPA<\/h3>\n                                                        <p>El pasado 8 de octubre se realiz\u00f3 la primera convenci\u00f3n de AROPA.  Nos recibieron parte...                            <\/p>\n                                                    <\/div>\n                    <\/div>\n                <\/a>\n            <\/div>\n  <\/div>\n        <\/div>\n        \t\t<\/div>\n\t\t\t\t<\/div>\n\t\t\t\t\t<\/div>\n\t\t<\/div>\n\t\t\t\t\t<\/div>\n\t\t<\/section>\n\t\t<div class=\"elementor-element elementor-element-ad166d0 e-flex e-con-boxed e-con e-parent\" data-id=\"ad166d0\" data-element_type=\"container\">\n\t\t\t\t\t<div class=\"e-con-inner\">\n\t\t\t\t<div class=\"elementor-element elementor-element-12ba4d4 elementor-align-center elementor-widget elementor-widget-button\" data-id=\"12ba4d4\" data-element_type=\"widget\" data-widget_type=\"button.default\">\n\t\t\t\t<div class=\"elementor-widget-container\">\n\t\t\t\t\t<div class=\"elementor-button-wrapper\">\n\t\t\t<a class=\"elementor-button elementor-button-link elementor-size-sm\" href=\"https:\/\/organizadoresprofesionales.com.ar\/es\/noticias\/\">\n\t\t\t\t\t\t<span class=\"elementor-button-content-wrapper\">\n\t\t\t\t\t\t\t\t\t<span class=\"elementor-button-text\">Ver m\u00e1s Noticias<\/span>\n\t\t\t\t\t<\/span>\n\t\t\t\t\t<\/a>\n\t\t<\/div>\n\t\t\t\t<\/div>\n\t\t\t\t<\/div>\n\t\t\t\t\t<\/div>\n\t\t\t\t<\/div>\n\t\t\t\t<\/div>","protected":false},"excerpt":{"rendered":"<p>\u00bfQu\u00e9 es un organizador profesional? La funci\u00f3n de un OP es crear y compartir sistemas de organizaci\u00f3n para mantener el orden. Es ayudar a devolver la funcionalidad a los espacios, objetos y rutinas, as\u00ed como a tomar decisiones y afrontar cambios importantes en la vida de las personas. Optimiza Buscamos la mejor manera de usar [...]<\/p>","protected":false},"author":1,"featured_media":0,"parent":0,"menu_order":0,"comment_status":"closed","ping_status":"closed","template":"elementor_header_footer","meta":{"footnotes":""},"class_list":["post-135","page","type-page","status-publish","hentry"],"_links":{"self":[{"href":"https:\/\/organizadoresprofesionales.com.ar\/es\/wp-json\/wp\/v2\/pages\/135","targetHints":{"allow":["GET"]}}],"collection":[{"href":"https:\/\/organizadoresprofesionales.com.ar\/es\/wp-json\/wp\/v2\/pages"}],"about":[{"href":"https:\/\/organizadoresprofesionales.com.ar\/es\/wp-json\/wp\/v2\/types\/page"}],"author":[{"embeddable":true,"href":"https:\/\/organizadoresprofesionales.com.ar\/es\/wp-json\/wp\/v2\/users\/1"}],"replies":[{"embeddable":true,"href":"https:\/\/organizadoresprofesionales.com.ar\/es\/wp-json\/wp\/v2\/comments?post=135"}],"version-history":[{"count":181,"href":"https:\/\/organizadoresprofesionales.com.ar\/es\/wp-json\/wp\/v2\/pages\/135\/revisions"}],"predecessor-version":[{"id":1320,"href":"https:\/\/organizadoresprofesionales.com.ar\/es\/wp-json\/wp\/v2\/pages\/135\/revisions\/1320"}],"wp:attachment":[{"href":"https:\/\/organizadoresprofesionales.com.ar\/es\/wp-json\/wp\/v2\/media?parent=135"}],"curies":[{"name":"wp","href":"https:\/\/api.w.org\/{rel}","templated":true}]}}